{"id":5234,"date":"2023-04-17T14:54:58","date_gmt":"2023-04-17T14:54:58","guid":{"rendered":"https:\/\/catalogocmmilano.mbs.it\/?post_type=product&#038;p=5234"},"modified":"2024-07-05T11:08:42","modified_gmt":"2024-07-05T11:08:42","slug":"competenze-digitali-per-lutilizzo-della-posta-elettronica","status":"publish","type":"product","link":"https:\/\/catalogocmmilano.mbs.it\/?product=competenze-digitali-per-lutilizzo-della-posta-elettronica","title":{"rendered":"COMPETENZE DIGITALI PER L\u2019UTILIZZO DELLA POSTA ELETTRONICA"},"content":{"rendered":"\t\t<div data-elementor-type=\"wp-post\" data-elementor-id=\"5234\" class=\"elementor elementor-5234\">\n\t\t\t\t\t\t<section class=\"elementor-section elementor-top-section elementor-element elementor-element-8ea85a9 elementor-section-boxed elementor-section-height-default elementor-section-height-default\" data-id=\"8ea85a9\" data-element_type=\"section\" data-settings=\"{&quot;background_background&quot;:&quot;classic&quot;}\">\n\t\t\t\t\t\t<div class=\"elementor-container elementor-column-gap-default\">\n\t\t\t\t\t<div class=\"elementor-column elementor-col-100 elementor-top-column elementor-element elementor-element-8ea8aa2\" data-id=\"8ea8aa2\" data-element_type=\"column\">\n\t\t\t<div class=\"elementor-widget-wrap elementor-element-populated\">\n\t\t\t\t\t\t<div class=\"elementor-element elementor-element-8ea8eaa elementor-widget elementor-widget-text-editor\" data-id=\"8ea8eaa\" data-element_type=\"widget\" data-widget_type=\"text-editor.default\">\n\t\t\t\t<div class=\"elementor-widget-container\">\n\t\t\t<style>\/*! elementor - v3.23.0 - 26-06-2024 *\/\n.elementor-widget-text-editor.elementor-drop-cap-view-stacked .elementor-drop-cap{background-color:#69727d;color:#fff}.elementor-widget-text-editor.elementor-drop-cap-view-framed .elementor-drop-cap{color:#69727d;border:3px solid;background-color:transparent}.elementor-widget-text-editor:not(.elementor-drop-cap-view-default) .elementor-drop-cap{margin-top:8px}.elementor-widget-text-editor:not(.elementor-drop-cap-view-default) .elementor-drop-cap-letter{width:1em;height:1em}.elementor-widget-text-editor .elementor-drop-cap{float:left;text-align:center;line-height:1;font-size:50px}.elementor-widget-text-editor .elementor-drop-cap-letter{display:inline-block}<\/style>\t\t\t\t<h3 style=\"margin-bottom: 21px;\">Principali obiettivi formativi e contenuti del corso<\/h3>\n\t\t\t\t\t\t<\/div>\n\t\t\t\t<\/div>\n\t\t\t\t\t<\/div>\n\t\t<\/div>\n\t\t\t\t\t<\/div>\n\t\t<\/section>\n\t\t\t\t<section class=\"elementor-section elementor-top-section elementor-element elementor-element-8ea9aba elementor-section-boxed elementor-section-height-default elementor-section-height-default\" data-id=\"8ea9aba\" data-element_type=\"section\" data-settings=\"{&quot;background_background&quot;:&quot;classic&quot;}\">\n\t\t\t\t\t\t<div class=\"elementor-container elementor-column-gap-default\">\n\t\t\t\t\t<div class=\"elementor-column elementor-col-50 elementor-top-column elementor-element elementor-element-8ea9ed7\" data-id=\"8ea9ed7\" data-element_type=\"column\">\n\t\t\t<div class=\"elementor-widget-wrap elementor-element-populated\">\n\t\t\t\t\t\t<div class=\"elementor-element elementor-element-8eaa311 elementor-widget elementor-widget-text-editor\" data-id=\"8eaa311\" data-element_type=\"widget\" data-widget_type=\"text-editor.default\">\n\t\t\t\t<div class=\"elementor-widget-container\">\n\t\t\t\t\t\t\t<h3>Abilit\u00e0 da conseguire<\/h3>\n<ul>\n<li>Accedere alle informazioni e ai servizi online<\/li>\n<li>Acquisire, leggere, creare e stampare testi usando programmi di videoscrittura per gestire dati<\/li>\n<li>Creare, elaborare e gestire un foglio elettronico, utilizzando le funzioni aritmetiche e logiche, la rappresentazione e l\u2019elaborazione dei dati in forma grafica<\/li>\n<li>Raccogliere informazioni, esplorare argomenti specifici, comunicare, collaborare e condividere risorse a distanza utilizzando le reti<\/li>\n<\/ul>\n\t\t\t\t\t\t<\/div>\n\t\t\t\t<\/div>\n\t\t\t\t<div class=\"elementor-element elementor-element-8eaa90c elementor-widget elementor-widget-text-editor\" data-id=\"8eaa90c\" data-element_type=\"widget\" data-widget_type=\"text-editor.default\">\n\t\t\t\t<div class=\"elementor-widget-container\">\n\t\t\t\t\t\t\t<h3>Capacit\u00e0 specifiche da sviluppare<\/h3>\n<ul>\n<li>Utilizzare posta elettronica<\/li>\n<li>Utilizzare posta elettronica certificata<\/li>\n<\/ul>\n\t\t\t\t\t\t<\/div>\n\t\t\t\t<\/div>\n\t\t\t\t\t<\/div>\n\t\t<\/div>\n\t\t\t\t<div class=\"elementor-column elementor-col-50 elementor-top-column elementor-element elementor-element-8eaa55c\" data-id=\"8eaa55c\" data-element_type=\"column\">\n\t\t\t<div class=\"elementor-widget-wrap elementor-element-populated\">\n\t\t\t\t\t\t<div class=\"elementor-element elementor-element-297c1a2 elementor-widget elementor-widget-text-editor\" data-id=\"297c1a2\" data-element_type=\"widget\" data-widget_type=\"text-editor.default\">\n\t\t\t\t<div class=\"elementor-widget-container\">\n\t\t\t\t\t\t\t<h3>Contenuti\u00a0<\/h3>\n<ul>\n<li>Creazione account mail e configurazione<\/li>\n<li>Profilazione e personalizzazione dell\u2019account<\/li>\n<li>I contatti e le liste di distribuzione<\/li>\n<li>La posta elettronica: creare, spostare, eliminare e archiviare e-mail<\/li>\n<li>Organizzare la posta in entrata e in uscita<\/li>\n<li>Invio di file allegati<\/li>\n<li>Impostare l\u2019invio ritardato<\/li>\n<li>Predisporre il messaggio automatico \u201cout of office\u201d<\/li>\n<li>Avviso di lettura e ricezione<\/li>\n<li>Ricerca delle mail<\/li>\n<li>Il formato del messaggio<\/li>\n<li>Il diario, le note e il riquadro riepilogativo<\/li>\n<li>Il calendario: modalit\u00e0 di visualizzazione, appuntamenti e ricorrenze<\/li>\n<li>Gestione e assegnazione delle attivit\u00e0 a terzi: i meeting<\/li>\n<li>Il funzionamento della Posta Elettronica Certificata e il suo valore legale<\/li>\n<li>Utilizzare il sistema di archiviazione dei documenti digitali<\/li>\n<li>Le tipologie di firma elettronica e il sigillo elettronico<\/li>\n<li>Riconoscere gli obblighi delle PA nella gestione dei flussi documentali integrati con il protocollo informatico e nell\u2019utilizzo della PEC<\/li>\n<\/ul>\n\t\t\t\t\t\t<\/div>\n\t\t\t\t<\/div>\n\t\t\t\t\t<\/div>\n\t\t<\/div>\n\t\t\t\t\t<\/div>\n\t\t<\/section>\n\t\t\t\t<section class=\"elementor-section elementor-top-section elementor-element elementor-element-8eaab78 elementor-section-boxed elementor-section-height-default elementor-section-height-default\" data-id=\"8eaab78\" data-element_type=\"section\" data-settings=\"{&quot;background_background&quot;:&quot;classic&quot;}\">\n\t\t\t\t\t\t<div class=\"elementor-container elementor-column-gap-default\">\n\t\t\t\t\t<div class=\"elementor-column elementor-col-100 elementor-top-column elementor-element elementor-element-8eaafd9\" data-id=\"8eaafd9\" data-element_type=\"column\">\n\t\t\t<div class=\"elementor-widget-wrap elementor-element-populated\">\n\t\t\t\t\t\t<div class=\"elementor-element elementor-element-8eab335 elementor-widget elementor-widget-vc_custom_heading\" data-id=\"8eab335\" data-element_type=\"widget\" data-widget_type=\"vc_custom_heading.default\">\n\t\t\t\t<div class=\"elementor-widget-container\">\n\t\t\t<div class=\" vc_custom_heading  masterstudy_heading_font  text_align_left\" ><h4 style=\"text-align: left;font-weight:600\" class=\"masterstudy-custom-title\">Efficacia potenziale del corso in termini di innalzamento dell\u2019autonomia della persona\n<\/h4><\/div>\t\t<\/div>\n\t\t\t\t<\/div>\n\t\t\t\t\t<\/div>\n\t\t<\/div>\n\t\t\t\t\t<\/div>\n\t\t<\/section>\n\t\t\t\t<section class=\"elementor-section elementor-top-section elementor-element elementor-element-8eabde8 elementor-section-boxed elementor-section-height-default elementor-section-height-default\" data-id=\"8eabde8\" data-element_type=\"section\" data-settings=\"{&quot;background_background&quot;:&quot;classic&quot;}\">\n\t\t\t\t\t\t<div class=\"elementor-container elementor-column-gap-default\">\n\t\t\t\t\t<div class=\"elementor-column elementor-col-100 elementor-top-column elementor-element elementor-element-8eac1ea\" data-id=\"8eac1ea\" data-element_type=\"column\">\n\t\t\t<div class=\"elementor-widget-wrap elementor-element-populated\">\n\t\t\t\t\t\t<div class=\"elementor-element elementor-element-8eac553 elementor-widget elementor-widget-text-editor\" data-id=\"8eac553\" data-element_type=\"widget\" data-widget_type=\"text-editor.default\">\n\t\t\t\t<div class=\"elementor-widget-container\">\n\t\t\t\t\t\t\t<p>Il corso \u00e8 progettato con l\u2019obiettivo di favorire l\u2019innalzamento dell\u2019autonomia della persona in quanto \u00e8 finalizzato all\u2019acquisizione delle competenze digitali base indispensabili all\u2019utilizzo della posta elettronica e della PEC. Padroneggiare le funzioni base della posta elettronica tradizionale e certificata render\u00e0 i destinatari della formazione pi\u00f9 abili nel disbrigo delle procedure burocratiche in qualit\u00e0 di cittadino privato e delle prassi lavorative nel contesto aziendale, dando loro una chance concreta per abbracciare la cittadinanza digitale e d\u2019immissione nel mercato del lavoro, per qualunque ruolo e mansione che preveda attivit\u00e0 d\u2019ufficio\/segreteria, migliorando sostanzialmente la loro condizione di occupabilit\u00e0 agli occhi dei recruiters.<\/p>\n\t\t\t\t\t\t<\/div>\n\t\t\t\t<\/div>\n\t\t\t\t\t<\/div>\n\t\t<\/div>\n\t\t\t\t\t<\/div>\n\t\t<\/section>\n\t\t\t\t<section class=\"elementor-section elementor-top-section elementor-element elementor-element-019fd2e elementor-section-boxed elementor-section-height-default elementor-section-height-default\" data-id=\"019fd2e\" data-element_type=\"section\">\n\t\t\t\t\t\t<div class=\"elementor-container elementor-column-gap-default\">\n\t\t\t\t\t<div class=\"elementor-column elementor-col-100 elementor-top-column elementor-element elementor-element-520f4ba\" data-id=\"520f4ba\" data-element_type=\"column\">\n\t\t\t<div class=\"elementor-widget-wrap elementor-element-populated\">\n\t\t\t\t\t\t<div class=\"elementor-element elementor-element-1387807 elementor-widget elementor-widget-stm_color_separator\" data-id=\"1387807\" data-element_type=\"widget\" data-widget_type=\"stm_color_separator.default\">\n\t\t\t\t<div class=\"elementor-widget-container\">\n\t\t\t\n<div class=\"stm_colored_separator masterstudy_elementor_color_separator_ module__4b394b1ed67cd66edc764787529c0d96\">\n\t<div class=\"triangled_colored_separator\">\n\t\t<div class=\"triangle\"><\/div>\n\t<\/div>\n<\/div>\n\t\t<\/div>\n\t\t\t\t<\/div>\n\t\t\t\t<div class=\"elementor-element elementor-element-0e50de5 elementor-view-default elementor-position-top elementor-mobile-position-top elementor-widget elementor-widget-icon-box\" data-id=\"0e50de5\" data-element_type=\"widget\" data-widget_type=\"icon-box.default\">\n\t\t\t\t<div class=\"elementor-widget-container\">\n\t\t\t<link rel=\"stylesheet\" href=\"https:\/\/catalogocmmilano.mbs.it\/wp-content\/plugins\/elementor\/assets\/css\/widget-icon-box.min.css\">\t\t<div class=\"elementor-icon-box-wrapper\">\n\n\t\t\t\t\t\t<div class=\"elementor-icon-box-icon\">\n\t\t\t\t<span  class=\"elementor-icon elementor-animation-\">\n\t\t\t\t<i aria-hidden=\"true\" class=\" fa-icon-stm_icon_certificate\"><\/i>\t\t\t\t<\/span>\n\t\t\t<\/div>\n\t\t\t\n\t\t\t\t\t\t<div class=\"elementor-icon-box-content\">\n\n\t\t\t\t\t\t\t\t\t<h3 class=\"elementor-icon-box-title\">\n\t\t\t\t\t\t<span  >\n\t\t\t\t\t\t\tUtilizzare strumenti tecnologici e informatici per consultare archivi, gestire informazioni, analizzare e rappresentare dati, anche in forma grafica\t\t\t\t\t\t<\/span>\n\t\t\t\t\t<\/h3>\n\t\t\t\t\n\t\t\t\t\t\t\t\t\t<p class=\"elementor-icon-box-description\">\n\t\t\t\t\t\tPatentino, certificazione o attestazione acquisibili al termine del corso\t\t\t\t\t<\/p>\n\t\t\t\t\n\t\t\t<\/div>\n\t\t\t\n\t\t<\/div>\n\t\t\t\t<\/div>\n\t\t\t\t<\/div>\n\t\t\t\t<div class=\"elementor-element elementor-element-2132020 elementor-widget elementor-widget-stm_color_separator\" data-id=\"2132020\" data-element_type=\"widget\" data-widget_type=\"stm_color_separator.default\">\n\t\t\t\t<div class=\"elementor-widget-container\">\n\t\t\t\n<div class=\"stm_colored_separator masterstudy_elementor_color_separator_ module__4b394b1ed67cd66edc764787529c0d96\">\n\t<div class=\"triangled_colored_separator\">\n\t\t<div class=\"triangle\"><\/div>\n\t<\/div>\n<\/div>\n\t\t<\/div>\n\t\t\t\t<\/div>\n\t\t\t\t\t<\/div>\n\t\t<\/div>\n\t\t\t\t\t<\/div>\n\t\t<\/section>\n\t\t\t\t<section class=\"elementor-section elementor-top-section elementor-element elementor-element-46a6acb7 elementor-section-boxed elementor-section-height-default elementor-section-height-default\" data-id=\"46a6acb7\" data-element_type=\"section\">\n\t\t\t\t\t\t<div class=\"elementor-container elementor-column-gap-default\">\n\t\t\t\t\t<div class=\"elementor-column elementor-col-50 elementor-top-column elementor-element elementor-element-224233ed\" data-id=\"224233ed\" data-element_type=\"column\">\n\t\t\t<div class=\"elementor-widget-wrap elementor-element-populated\">\n\t\t\t\t\t\t<div class=\"elementor-element elementor-element-1847237e elementor-widget elementor-widget-stm_contact\" data-id=\"1847237e\" data-element_type=\"widget\" data-widget_type=\"stm_contact.default\">\n\t\t\t\t<div class=\"elementor-widget-container\">\n\t\t\t\n <div class=\"stm_contact masterstudy_elementor_contact_ clearfix\">\n \t \t<div class=\"stm_contact_info\">\n \t\t<h4 class=\"name\">Via Privata Benadir 5, 20132, Milano<\/h4>\n \t\t \t\t\t<div class=\"stm_contact_job heading_font\">Sede 1<\/div>\n \t\t \t\t \t\t\t<div class=\"stm_contact_row\">Telefono:02 2614 5736<\/div>\n \t\t \t\t \t\t\t<div class=\"stm_contact_row\">\n                 E-mail:                 <a href=\"mailto:commerciale@cesvip.lombardia.it\">commerciale@cesvip.lombardia.it<\/a>\n             <\/div>\n \t\t \t\t \t<\/div>\n <\/div>\n\t\t<\/div>\n\t\t\t\t<\/div>\n\t\t\t\t\t<\/div>\n\t\t<\/div>\n\t\t\t\t<div class=\"elementor-column elementor-col-50 elementor-top-column elementor-element elementor-element-59e5d73c\" data-id=\"59e5d73c\" data-element_type=\"column\">\n\t\t\t<div class=\"elementor-widget-wrap elementor-element-populated\">\n\t\t\t\t\t\t<div class=\"elementor-element elementor-element-7a3b6837 elementor-widget elementor-widget-google_maps\" data-id=\"7a3b6837\" data-element_type=\"widget\" data-widget_type=\"google_maps.default\">\n\t\t\t\t<div class=\"elementor-widget-container\">\n\t\t\t<style>\/*! elementor - v3.23.0 - 26-06-2024 *\/\n.elementor-widget-google_maps .elementor-widget-container{overflow:hidden}.elementor-widget-google_maps .elementor-custom-embed{line-height:0}.elementor-widget-google_maps iframe{height:300px}<\/style>\t\t<div class=\"elementor-custom-embed\">\n\t\t\t<iframe loading=\"lazy\"\n\t\t\t\t\tsrc=\"https:\/\/www.google.com\/maps\/embed\/v1\/place?key=AIzaSyA9mkFKESC-1gKWf37rdnPxL0DX7GqcokM&#038;q=Via%20Privata%20Benadir%205%2C%2020132%2C%20Milano&#038;zoom=13\"\n\t\t\t\t\ttitle=\"Via Privata Benadir 5, 20132, Milano\"\n\t\t\t\t\taria-label=\"Via Privata Benadir 5, 20132, Milano\"\n\t\t\t><\/iframe>\n\t\t<\/div>\n\t\t\t\t<\/div>\n\t\t\t\t<\/div>\n\t\t\t\t\t<\/div>\n\t\t<\/div>\n\t\t\t\t\t<\/div>\n\t\t<\/section>\n\t\t\t\t<section class=\"elementor-section elementor-top-section elementor-element elementor-element-72d7c9f3 elementor-section-boxed elementor-section-height-default elementor-section-height-default\" data-id=\"72d7c9f3\" data-element_type=\"section\">\n\t\t\t\t\t\t<div class=\"elementor-container elementor-column-gap-default\">\n\t\t\t\t\t<div class=\"elementor-column elementor-col-50 elementor-top-column elementor-element elementor-element-5088a3ec\" data-id=\"5088a3ec\" data-element_type=\"column\">\n\t\t\t<div class=\"elementor-widget-wrap elementor-element-populated\">\n\t\t\t\t\t\t<div class=\"elementor-element elementor-element-6310a99c elementor-widget elementor-widget-stm_contact\" data-id=\"6310a99c\" data-element_type=\"widget\" data-widget_type=\"stm_contact.default\">\n\t\t\t\t<div class=\"elementor-widget-container\">\n\t\t\t\n <div class=\"stm_contact masterstudy_elementor_contact_ clearfix\">\n \t \t<div class=\"stm_contact_info\">\n \t\t<h4 class=\"name\">Via Galleria Dell\u2019Unione 4, 20121, Milano<\/h4>\n \t\t \t\t\t<div class=\"stm_contact_job heading_font\">Sede 2<\/div>\n \t\t \t\t \t\t\t<div class=\"stm_contact_row\">Telefono:02 2614 5736<\/div>\n \t\t \t\t \t\t\t<div class=\"stm_contact_row\">\n                 E-mail:                 <a href=\"mailto:commerciale@cesvip.lombardia.it\">commerciale@cesvip.lombardia.it<\/a>\n             <\/div>\n \t\t \t\t \t<\/div>\n <\/div>\n\t\t<\/div>\n\t\t\t\t<\/div>\n\t\t\t\t\t<\/div>\n\t\t<\/div>\n\t\t\t\t<div class=\"elementor-column elementor-col-50 elementor-top-column elementor-element elementor-element-55b47085\" data-id=\"55b47085\" data-element_type=\"column\">\n\t\t\t<div class=\"elementor-widget-wrap elementor-element-populated\">\n\t\t\t\t\t\t<div class=\"elementor-element elementor-element-7c6a1d89 elementor-widget elementor-widget-google_maps\" data-id=\"7c6a1d89\" data-element_type=\"widget\" data-widget_type=\"google_maps.default\">\n\t\t\t\t<div class=\"elementor-widget-container\">\n\t\t\t\t\t<div class=\"elementor-custom-embed\">\n\t\t\t<iframe loading=\"lazy\"\n\t\t\t\t\tsrc=\"https:\/\/www.google.com\/maps\/embed\/v1\/place?key=AIzaSyA9mkFKESC-1gKWf37rdnPxL0DX7GqcokM&#038;q=Via%20Galleria%20Dell%E2%80%99Unione%204%2C%2020121%2C%20Milano&#038;zoom=13\"\n\t\t\t\t\ttitle=\"Via Galleria Dell\u2019Unione 4, 20121, Milano\"\n\t\t\t\t\taria-label=\"Via Galleria Dell\u2019Unione 4, 20121, Milano\"\n\t\t\t><\/iframe>\n\t\t<\/div>\n\t\t\t\t<\/div>\n\t\t\t\t<\/div>\n\t\t\t\t\t<\/div>\n\t\t<\/div>\n\t\t\t\t\t<\/div>\n\t\t<\/section>\n\t\t\t\t<\/div>\n\t\t","protected":false},"excerpt":{"rendered":"<p>Principali obiettivi formativi e contenuti del corso Abilit\u00e0 da conseguire Accedere alle informazioni e ai servizi online Acquisire, leggere, creare e stampare testi usando programmi di videoscrittura per gestire dati Creare, elaborare e gestire un foglio elettronico, utilizzando le funzioni aritmetiche e logiche, la rappresentazione e l\u2019elaborazione dei dati in forma grafica Raccogliere informazioni, esplorare [&hellip;]<\/p>\n","protected":false},"featured_media":5469,"template":"","meta":[],"product_cat":[117],"product_tag":[],"class_list":{"0":"post-5234","1":"product","2":"type-product","3":"status-publish","4":"has-post-thumbnail","6":"product_cat-formazione-base-precedente","7":"pa_destinatari-iscritti-collocamento-mirato","8":"pa_prerequisiti-licenza-media","10":"first","11":"outofstock","12":"shipping-taxable","13":"product-type-simple"},"_links":{"self":[{"href":"https:\/\/catalogocmmilano.mbs.it\/index.php?rest_route=\/wp\/v2\/product\/5234","targetHints":{"allow":["GET"]}}],"collection":[{"href":"https:\/\/catalogocmmilano.mbs.it\/index.php?rest_route=\/wp\/v2\/product"}],"about":[{"href":"https:\/\/catalogocmmilano.mbs.it\/index.php?rest_route=\/wp\/v2\/types\/product"}],"version-history":[{"count":14,"href":"https:\/\/catalogocmmilano.mbs.it\/index.php?rest_route=\/wp\/v2\/product\/5234\/revisions"}],"predecessor-version":[{"id":6264,"href":"https:\/\/catalogocmmilano.mbs.it\/index.php?rest_route=\/wp\/v2\/product\/5234\/revisions\/6264"}],"wp:featuredmedia":[{"embeddable":true,"href":"https:\/\/catalogocmmilano.mbs.it\/index.php?rest_route=\/wp\/v2\/media\/5469"}],"wp:attachment":[{"href":"https:\/\/catalogocmmilano.mbs.it\/index.php?rest_route=%2Fwp%2Fv2%2Fmedia&parent=5234"}],"wp:term":[{"taxonomy":"product_cat","embeddable":true,"href":"https:\/\/catalogocmmilano.mbs.it\/index.php?rest_route=%2Fwp%2Fv2%2Fproduct_cat&post=5234"},{"taxonomy":"product_tag","embeddable":true,"href":"https:\/\/catalogocmmilano.mbs.it\/index.php?rest_route=%2Fwp%2Fv2%2Fproduct_tag&post=5234"}],"curies":[{"name":"wp","href":"https:\/\/api.w.org\/{rel}","templated":true}]}}