{"id":5215,"date":"2023-04-17T14:36:06","date_gmt":"2023-04-17T14:36:06","guid":{"rendered":"https:\/\/catalogocmmilano.mbs.it\/?post_type=product&#038;p=5215"},"modified":"2024-07-05T11:08:42","modified_gmt":"2024-07-05T11:08:42","slug":"competenze-digitali-per-la-ricerca-attiva-del-lavoro","status":"publish","type":"product","link":"https:\/\/catalogocmmilano.mbs.it\/?product=competenze-digitali-per-la-ricerca-attiva-del-lavoro","title":{"rendered":"COMPETENZE DIGITALI PER LA RICERCA ATTIVA DEL LAVORO"},"content":{"rendered":"\t\t<div data-elementor-type=\"wp-post\" data-elementor-id=\"5215\" class=\"elementor elementor-5215\">\n\t\t\t\t\t\t<section class=\"elementor-section elementor-top-section elementor-element elementor-element-8ea85a9 elementor-section-boxed elementor-section-height-default elementor-section-height-default\" data-id=\"8ea85a9\" data-element_type=\"section\" data-settings=\"{&quot;background_background&quot;:&quot;classic&quot;}\">\n\t\t\t\t\t\t<div class=\"elementor-container elementor-column-gap-default\">\n\t\t\t\t\t<div class=\"elementor-column elementor-col-100 elementor-top-column elementor-element elementor-element-8ea8aa2\" data-id=\"8ea8aa2\" data-element_type=\"column\">\n\t\t\t<div class=\"elementor-widget-wrap elementor-element-populated\">\n\t\t\t\t\t\t<div class=\"elementor-element elementor-element-8ea8eaa elementor-widget elementor-widget-text-editor\" data-id=\"8ea8eaa\" data-element_type=\"widget\" data-widget_type=\"text-editor.default\">\n\t\t\t\t<div class=\"elementor-widget-container\">\n\t\t\t<style>\/*! elementor - v3.23.0 - 26-06-2024 *\/\n.elementor-widget-text-editor.elementor-drop-cap-view-stacked .elementor-drop-cap{background-color:#69727d;color:#fff}.elementor-widget-text-editor.elementor-drop-cap-view-framed .elementor-drop-cap{color:#69727d;border:3px solid;background-color:transparent}.elementor-widget-text-editor:not(.elementor-drop-cap-view-default) .elementor-drop-cap{margin-top:8px}.elementor-widget-text-editor:not(.elementor-drop-cap-view-default) .elementor-drop-cap-letter{width:1em;height:1em}.elementor-widget-text-editor .elementor-drop-cap{float:left;text-align:center;line-height:1;font-size:50px}.elementor-widget-text-editor .elementor-drop-cap-letter{display:inline-block}<\/style>\t\t\t\t<h3 style=\"margin-bottom: 21px;\">Principali obiettivi formativi e contenuti del corso<\/h3>\n\t\t\t\t\t\t<\/div>\n\t\t\t\t<\/div>\n\t\t\t\t\t<\/div>\n\t\t<\/div>\n\t\t\t\t\t<\/div>\n\t\t<\/section>\n\t\t\t\t<section class=\"elementor-section elementor-top-section elementor-element elementor-element-8ea9aba elementor-section-boxed elementor-section-height-default elementor-section-height-default\" data-id=\"8ea9aba\" data-element_type=\"section\" data-settings=\"{&quot;background_background&quot;:&quot;classic&quot;}\">\n\t\t\t\t\t\t<div class=\"elementor-container elementor-column-gap-default\">\n\t\t\t\t\t<div class=\"elementor-column elementor-col-50 elementor-top-column elementor-element elementor-element-8ea9ed7\" data-id=\"8ea9ed7\" data-element_type=\"column\">\n\t\t\t<div class=\"elementor-widget-wrap elementor-element-populated\">\n\t\t\t\t\t\t<div class=\"elementor-element elementor-element-8eaa311 elementor-widget elementor-widget-text-editor\" data-id=\"8eaa311\" data-element_type=\"widget\" data-widget_type=\"text-editor.default\">\n\t\t\t\t<div class=\"elementor-widget-container\">\n\t\t\t\t\t\t\t<h3>Abilit\u00e0 da conseguire<\/h3>\n<ul>\n<li>Operare nel web rispettando la normativa vigente e adottando le necessarie forme di<br \/>protezione<\/li>\n<li>Utilizzare le tecnologie nel rispetto della propria e dell\u2019altrui privacy e sicurezza<\/li>\n<\/ul>\n\t\t\t\t\t\t<\/div>\n\t\t\t\t<\/div>\n\t\t\t\t<div class=\"elementor-element elementor-element-8eaa90c elementor-widget elementor-widget-text-editor\" data-id=\"8eaa90c\" data-element_type=\"widget\" data-widget_type=\"text-editor.default\">\n\t\t\t\t<div class=\"elementor-widget-container\">\n\t\t\t\t\t\t\t<h3>Capacit\u00e0 specifiche da sviluppare<\/h3>\n<ul>\n<li>Utilizzare i principali portali di ricerca attiva del lavoro<\/li>\n<li>Predisporre e aggiornare il profilo Linkedin<\/li>\n<li>Redigere il curriculum vitae<\/li>\n<li>Scrivere la lettera di presentazione<\/li>\n<li>Prepararsi al colloquio di selezione<\/li>\n<li>Conoscere l\u2019iter di selezione<\/li>\n<li>Valutare le offerte<\/li>\n<\/ul>\n\t\t\t\t\t\t<\/div>\n\t\t\t\t<\/div>\n\t\t\t\t\t<\/div>\n\t\t<\/div>\n\t\t\t\t<div class=\"elementor-column elementor-col-50 elementor-top-column elementor-element elementor-element-8eaa55c\" data-id=\"8eaa55c\" data-element_type=\"column\">\n\t\t\t<div class=\"elementor-widget-wrap elementor-element-populated\">\n\t\t\t\t\t\t<div class=\"elementor-element elementor-element-297c1a2 elementor-widget elementor-widget-text-editor\" data-id=\"297c1a2\" data-element_type=\"widget\" data-widget_type=\"text-editor.default\">\n\t\t\t\t<div class=\"elementor-widget-container\">\n\t\t\t\t\t\t\t<h3>Contenuti<\/h3>\n<ul>\n<li>I portali di ricerca attiva del lavoro<\/li>\n<li>Linkedin<\/li>\n<li>Orientarsi nella ricerca del lavoro<\/li>\n<li>Il curriculum vitae<\/li>\n<li>La lettera di presentazione<\/li>\n<li>Il colloquio telefonico<\/li>\n<li>Il video-colloquio<\/li>\n<li>Il colloquio in presenza<\/li>\n<li>Simulazione di situazioni lavorative<\/li>\n<li>Terminologia di settore e generale per presentarsi in maniera sciolta e fluida<\/li>\n<li>Analisi degli errori pi\u00f9 comuni<\/li>\n<li>L\u2019iter di selezione<\/li>\n<li>Criteri di valutazione delle offerte<\/li>\n<li>La stipula del contratto di lavoro<\/li>\n<\/ul>\n\t\t\t\t\t\t<\/div>\n\t\t\t\t<\/div>\n\t\t\t\t\t<\/div>\n\t\t<\/div>\n\t\t\t\t\t<\/div>\n\t\t<\/section>\n\t\t\t\t<section class=\"elementor-section elementor-top-section elementor-element elementor-element-8eaab78 elementor-section-boxed elementor-section-height-default elementor-section-height-default\" data-id=\"8eaab78\" data-element_type=\"section\" data-settings=\"{&quot;background_background&quot;:&quot;classic&quot;}\">\n\t\t\t\t\t\t<div class=\"elementor-container elementor-column-gap-default\">\n\t\t\t\t\t<div class=\"elementor-column elementor-col-100 elementor-top-column elementor-element elementor-element-8eaafd9\" data-id=\"8eaafd9\" data-element_type=\"column\">\n\t\t\t<div class=\"elementor-widget-wrap elementor-element-populated\">\n\t\t\t\t\t\t<div class=\"elementor-element elementor-element-8eab335 elementor-widget elementor-widget-vc_custom_heading\" data-id=\"8eab335\" data-element_type=\"widget\" data-widget_type=\"vc_custom_heading.default\">\n\t\t\t\t<div class=\"elementor-widget-container\">\n\t\t\t<div class=\" vc_custom_heading  masterstudy_heading_font  text_align_left\" ><h4 style=\"text-align: left;font-weight:600\" class=\"masterstudy-custom-title\">Efficacia potenziale del corso in termini di innalzamento dell\u2019autonomia della persona\n<\/h4><\/div>\t\t<\/div>\n\t\t\t\t<\/div>\n\t\t\t\t\t<\/div>\n\t\t<\/div>\n\t\t\t\t\t<\/div>\n\t\t<\/section>\n\t\t\t\t<section class=\"elementor-section elementor-top-section elementor-element elementor-element-8eabde8 elementor-section-boxed elementor-section-height-default elementor-section-height-default\" data-id=\"8eabde8\" data-element_type=\"section\" data-settings=\"{&quot;background_background&quot;:&quot;classic&quot;}\">\n\t\t\t\t\t\t<div class=\"elementor-container elementor-column-gap-default\">\n\t\t\t\t\t<div class=\"elementor-column elementor-col-100 elementor-top-column elementor-element elementor-element-8eac1ea\" data-id=\"8eac1ea\" data-element_type=\"column\">\n\t\t\t<div class=\"elementor-widget-wrap elementor-element-populated\">\n\t\t\t\t\t\t<div class=\"elementor-element elementor-element-8eac553 elementor-widget elementor-widget-text-editor\" data-id=\"8eac553\" data-element_type=\"widget\" data-widget_type=\"text-editor.default\">\n\t\t\t\t<div class=\"elementor-widget-container\">\n\t\t\t\t\t\t\t<p>Il corso \u00e8 progettato con l\u2019obiettivo di favorire l\u2019innalzamento dell\u2019autonomia della persona in quanto \u00e8 finalizzato all\u2019acquisizione delle competenze digitali base indispensabili a realizzare una ricerca attiva del lavoro proficua e mirata.<\/p>\n<p>L\u2019accesso ai portali di ricerca attiva del lavoro e l\u2019utilizzo degli strumenti ad essa propedeutici (cv, lettera di presentazione, profilo Linkedin) render\u00e0 i destinatari della formazione pi\u00f9 abili nel farsi largo nel mondo del lavoro, migliorando sostanzialmente la loro condizione di occupabilit\u00e0 agli occhi dei recruiters.<\/p>\n\t\t\t\t\t\t<\/div>\n\t\t\t\t<\/div>\n\t\t\t\t\t<\/div>\n\t\t<\/div>\n\t\t\t\t\t<\/div>\n\t\t<\/section>\n\t\t\t\t<section class=\"elementor-section elementor-top-section elementor-element elementor-element-019fd2e elementor-section-boxed elementor-section-height-default elementor-section-height-default\" data-id=\"019fd2e\" data-element_type=\"section\">\n\t\t\t\t\t\t<div class=\"elementor-container elementor-column-gap-default\">\n\t\t\t\t\t<div class=\"elementor-column elementor-col-100 elementor-top-column elementor-element elementor-element-520f4ba\" data-id=\"520f4ba\" data-element_type=\"column\">\n\t\t\t<div class=\"elementor-widget-wrap elementor-element-populated\">\n\t\t\t\t\t\t<div class=\"elementor-element elementor-element-eb8f45f elementor-widget elementor-widget-stm_color_separator\" data-id=\"eb8f45f\" data-element_type=\"widget\" data-widget_type=\"stm_color_separator.default\">\n\t\t\t\t<div class=\"elementor-widget-container\">\n\t\t\t\n<div class=\"stm_colored_separator masterstudy_elementor_color_separator_ module__4b394b1ed67cd66edc764787529c0d96\">\n\t<div class=\"triangled_colored_separator\">\n\t\t<div class=\"triangle\"><\/div>\n\t<\/div>\n<\/div>\n\t\t<\/div>\n\t\t\t\t<\/div>\n\t\t\t\t<div class=\"elementor-element elementor-element-0e50de5 elementor-view-default elementor-position-top elementor-mobile-position-top elementor-widget elementor-widget-icon-box\" data-id=\"0e50de5\" data-element_type=\"widget\" data-widget_type=\"icon-box.default\">\n\t\t\t\t<div class=\"elementor-widget-container\">\n\t\t\t<link rel=\"stylesheet\" href=\"https:\/\/catalogocmmilano.mbs.it\/wp-content\/plugins\/elementor\/assets\/css\/widget-icon-box.min.css\">\t\t<div class=\"elementor-icon-box-wrapper\">\n\n\t\t\t\t\t\t<div class=\"elementor-icon-box-icon\">\n\t\t\t\t<span  class=\"elementor-icon elementor-animation-\">\n\t\t\t\t<i aria-hidden=\"true\" class=\" fa-icon-stm_icon_certificate\"><\/i>\t\t\t\t<\/span>\n\t\t\t<\/div>\n\t\t\t\n\t\t\t\t\t\t<div class=\"elementor-icon-box-content\">\n\n\t\t\t\t\t\t\t\t\t<h3 class=\"elementor-icon-box-title\">\n\t\t\t\t\t\t<span  >\n\t\t\t\t\t\t\tUtilizzare le tecnologie tenendo presente sia il contesto culturale e sociale nel quale esse fanno agire e comunicare, sia il loro ruolo per l\u2019attuazione di una cittadinanza attiva\t\t\t\t\t\t<\/span>\n\t\t\t\t\t<\/h3>\n\t\t\t\t\n\t\t\t\t\t\t\t\t\t<p class=\"elementor-icon-box-description\">\n\t\t\t\t\t\tPatentino, certificazione o attestazione acquisibili al termine del corso\t\t\t\t\t<\/p>\n\t\t\t\t\n\t\t\t<\/div>\n\t\t\t\n\t\t<\/div>\n\t\t\t\t<\/div>\n\t\t\t\t<\/div>\n\t\t\t\t<div class=\"elementor-element elementor-element-cc83684 elementor-widget elementor-widget-stm_color_separator\" data-id=\"cc83684\" data-element_type=\"widget\" data-widget_type=\"stm_color_separator.default\">\n\t\t\t\t<div class=\"elementor-widget-container\">\n\t\t\t\n<div class=\"stm_colored_separator masterstudy_elementor_color_separator_ module__4b394b1ed67cd66edc764787529c0d96\">\n\t<div class=\"triangled_colored_separator\">\n\t\t<div class=\"triangle\"><\/div>\n\t<\/div>\n<\/div>\n\t\t<\/div>\n\t\t\t\t<\/div>\n\t\t\t\t\t<\/div>\n\t\t<\/div>\n\t\t\t\t\t<\/div>\n\t\t<\/section>\n\t\t\t\t<section class=\"elementor-section elementor-top-section elementor-element elementor-element-5a2754cd elementor-section-boxed elementor-section-height-default elementor-section-height-default\" data-id=\"5a2754cd\" data-element_type=\"section\">\n\t\t\t\t\t\t<div class=\"elementor-container elementor-column-gap-default\">\n\t\t\t\t\t<div class=\"elementor-column elementor-col-50 elementor-top-column elementor-element elementor-element-7665a9fb\" data-id=\"7665a9fb\" data-element_type=\"column\">\n\t\t\t<div class=\"elementor-widget-wrap elementor-element-populated\">\n\t\t\t\t\t\t<div class=\"elementor-element elementor-element-30a607ae elementor-widget elementor-widget-stm_contact\" data-id=\"30a607ae\" data-element_type=\"widget\" data-widget_type=\"stm_contact.default\">\n\t\t\t\t<div class=\"elementor-widget-container\">\n\t\t\t\n <div class=\"stm_contact masterstudy_elementor_contact_ clearfix\">\n \t \t<div class=\"stm_contact_info\">\n \t\t<h4 class=\"name\">Via Privata Benadir 5, 20132, Milano<\/h4>\n \t\t \t\t\t<div class=\"stm_contact_job heading_font\">Sede 1<\/div>\n \t\t \t\t \t\t\t<div class=\"stm_contact_row\">Telefono:02 2614 5736<\/div>\n \t\t \t\t \t\t\t<div class=\"stm_contact_row\">\n                 E-mail:                 <a href=\"mailto:commerciale@cesvip.lombardia.it\">commerciale@cesvip.lombardia.it<\/a>\n             <\/div>\n \t\t \t\t \t<\/div>\n <\/div>\n\t\t<\/div>\n\t\t\t\t<\/div>\n\t\t\t\t\t<\/div>\n\t\t<\/div>\n\t\t\t\t<div class=\"elementor-column elementor-col-50 elementor-top-column elementor-element elementor-element-2a9e5728\" data-id=\"2a9e5728\" data-element_type=\"column\">\n\t\t\t<div class=\"elementor-widget-wrap elementor-element-populated\">\n\t\t\t\t\t\t<div class=\"elementor-element elementor-element-7c3b9f5a elementor-widget elementor-widget-google_maps\" data-id=\"7c3b9f5a\" data-element_type=\"widget\" data-widget_type=\"google_maps.default\">\n\t\t\t\t<div class=\"elementor-widget-container\">\n\t\t\t<style>\/*! elementor - v3.23.0 - 26-06-2024 *\/\n.elementor-widget-google_maps .elementor-widget-container{overflow:hidden}.elementor-widget-google_maps .elementor-custom-embed{line-height:0}.elementor-widget-google_maps iframe{height:300px}<\/style>\t\t<div class=\"elementor-custom-embed\">\n\t\t\t<iframe loading=\"lazy\"\n\t\t\t\t\tsrc=\"https:\/\/www.google.com\/maps\/embed\/v1\/place?key=AIzaSyA9mkFKESC-1gKWf37rdnPxL0DX7GqcokM&#038;q=Via%20Privata%20Benadir%205%2C%2020132%2C%20Milano&#038;zoom=13\"\n\t\t\t\t\ttitle=\"Via Privata Benadir 5, 20132, Milano\"\n\t\t\t\t\taria-label=\"Via Privata Benadir 5, 20132, Milano\"\n\t\t\t><\/iframe>\n\t\t<\/div>\n\t\t\t\t<\/div>\n\t\t\t\t<\/div>\n\t\t\t\t\t<\/div>\n\t\t<\/div>\n\t\t\t\t\t<\/div>\n\t\t<\/section>\n\t\t\t\t<section class=\"elementor-section elementor-top-section elementor-element elementor-element-44046363 elementor-section-boxed elementor-section-height-default elementor-section-height-default\" data-id=\"44046363\" data-element_type=\"section\">\n\t\t\t\t\t\t<div class=\"elementor-container elementor-column-gap-default\">\n\t\t\t\t\t<div class=\"elementor-column elementor-col-50 elementor-top-column elementor-element elementor-element-2afe160\" data-id=\"2afe160\" data-element_type=\"column\">\n\t\t\t<div class=\"elementor-widget-wrap elementor-element-populated\">\n\t\t\t\t\t\t<div class=\"elementor-element elementor-element-7a1a2c9f elementor-widget elementor-widget-stm_contact\" data-id=\"7a1a2c9f\" data-element_type=\"widget\" data-widget_type=\"stm_contact.default\">\n\t\t\t\t<div class=\"elementor-widget-container\">\n\t\t\t\n <div class=\"stm_contact masterstudy_elementor_contact_ clearfix\">\n \t \t<div class=\"stm_contact_info\">\n \t\t<h4 class=\"name\">Via Galleria Dell\u2019Unione 4, 20121, Milano<\/h4>\n \t\t \t\t\t<div class=\"stm_contact_job heading_font\">Sede 2<\/div>\n \t\t \t\t \t\t\t<div class=\"stm_contact_row\">Telefono:02 2614 5736<\/div>\n \t\t \t\t \t\t\t<div class=\"stm_contact_row\">\n                 E-mail:                 <a href=\"mailto:commerciale@cesvip.lombardia.it\">commerciale@cesvip.lombardia.it<\/a>\n             <\/div>\n \t\t \t\t \t<\/div>\n <\/div>\n\t\t<\/div>\n\t\t\t\t<\/div>\n\t\t\t\t\t<\/div>\n\t\t<\/div>\n\t\t\t\t<div class=\"elementor-column elementor-col-50 elementor-top-column elementor-element elementor-element-55314850\" data-id=\"55314850\" data-element_type=\"column\">\n\t\t\t<div class=\"elementor-widget-wrap elementor-element-populated\">\n\t\t\t\t\t\t<div class=\"elementor-element elementor-element-d3cbf97 elementor-widget elementor-widget-google_maps\" data-id=\"d3cbf97\" data-element_type=\"widget\" data-widget_type=\"google_maps.default\">\n\t\t\t\t<div class=\"elementor-widget-container\">\n\t\t\t\t\t<div class=\"elementor-custom-embed\">\n\t\t\t<iframe loading=\"lazy\"\n\t\t\t\t\tsrc=\"https:\/\/www.google.com\/maps\/embed\/v1\/place?key=AIzaSyA9mkFKESC-1gKWf37rdnPxL0DX7GqcokM&#038;q=Via%20Galleria%20Dell%E2%80%99Unione%204%2C%2020121%2C%20Milano&#038;zoom=13\"\n\t\t\t\t\ttitle=\"Via Galleria Dell\u2019Unione 4, 20121, Milano\"\n\t\t\t\t\taria-label=\"Via Galleria Dell\u2019Unione 4, 20121, Milano\"\n\t\t\t><\/iframe>\n\t\t<\/div>\n\t\t\t\t<\/div>\n\t\t\t\t<\/div>\n\t\t\t\t\t<\/div>\n\t\t<\/div>\n\t\t\t\t\t<\/div>\n\t\t<\/section>\n\t\t\t\t<\/div>\n\t\t","protected":false},"excerpt":{"rendered":"<p>Principali obiettivi formativi e contenuti del corso Abilit\u00e0 da conseguire Operare nel web rispettando la normativa vigente e adottando le necessarie forme diprotezione Utilizzare le tecnologie nel rispetto della propria e dell\u2019altrui privacy e sicurezza Capacit\u00e0 specifiche da sviluppare Utilizzare i principali portali di ricerca attiva del lavoro Predisporre e aggiornare il profilo Linkedin Redigere [&hellip;]<\/p>\n","protected":false},"featured_media":5470,"template":"","meta":[],"product_cat":[117],"product_tag":[],"class_list":{"0":"post-5215","1":"product","2":"type-product","3":"status-publish","4":"has-post-thumbnail","6":"product_cat-formazione-base-precedente","7":"pa_destinatari-iscritti-collocamento-mirato","8":"pa_prerequisiti-licenza-media","10":"first","11":"outofstock","12":"shipping-taxable","13":"product-type-simple"},"_links":{"self":[{"href":"https:\/\/catalogocmmilano.mbs.it\/index.php?rest_route=\/wp\/v2\/product\/5215","targetHints":{"allow":["GET"]}}],"collection":[{"href":"https:\/\/catalogocmmilano.mbs.it\/index.php?rest_route=\/wp\/v2\/product"}],"about":[{"href":"https:\/\/catalogocmmilano.mbs.it\/index.php?rest_route=\/wp\/v2\/types\/product"}],"version-history":[{"count":23,"href":"https:\/\/catalogocmmilano.mbs.it\/index.php?rest_route=\/wp\/v2\/product\/5215\/revisions"}],"predecessor-version":[{"id":6414,"href":"https:\/\/catalogocmmilano.mbs.it\/index.php?rest_route=\/wp\/v2\/product\/5215\/revisions\/6414"}],"wp:featuredmedia":[{"embeddable":true,"href":"https:\/\/catalogocmmilano.mbs.it\/index.php?rest_route=\/wp\/v2\/media\/5470"}],"wp:attachment":[{"href":"https:\/\/catalogocmmilano.mbs.it\/index.php?rest_route=%2Fwp%2Fv2%2Fmedia&parent=5215"}],"wp:term":[{"taxonomy":"product_cat","embeddable":true,"href":"https:\/\/catalogocmmilano.mbs.it\/index.php?rest_route=%2Fwp%2Fv2%2Fproduct_cat&post=5215"},{"taxonomy":"product_tag","embeddable":true,"href":"https:\/\/catalogocmmilano.mbs.it\/index.php?rest_route=%2Fwp%2Fv2%2Fproduct_tag&post=5215"}],"curies":[{"name":"wp","href":"https:\/\/api.w.org\/{rel}","templated":true}]}}