{"id":5161,"date":"2023-04-17T13:02:10","date_gmt":"2023-04-17T13:02:10","guid":{"rendered":"https:\/\/catalogocmmilano.mbs.it\/?post_type=product&#038;p=5161"},"modified":"2024-07-05T11:08:42","modified_gmt":"2024-07-05T11:08:42","slug":"cittadini-smart-e-digitali-copia","status":"publish","type":"product","link":"https:\/\/catalogocmmilano.mbs.it\/?product=cittadini-smart-e-digitali-copia","title":{"rendered":"DIGITAL SKILLS"},"content":{"rendered":"\t\t<div data-elementor-type=\"wp-post\" data-elementor-id=\"5161\" class=\"elementor elementor-5161\">\n\t\t\t\t\t\t<section class=\"elementor-section elementor-top-section elementor-element elementor-element-8ea85a9 elementor-section-boxed elementor-section-height-default elementor-section-height-default\" data-id=\"8ea85a9\" data-element_type=\"section\" data-settings=\"{&quot;background_background&quot;:&quot;classic&quot;}\">\n\t\t\t\t\t\t<div class=\"elementor-container elementor-column-gap-default\">\n\t\t\t\t\t<div class=\"elementor-column elementor-col-100 elementor-top-column elementor-element elementor-element-8ea8aa2\" data-id=\"8ea8aa2\" data-element_type=\"column\">\n\t\t\t<div class=\"elementor-widget-wrap elementor-element-populated\">\n\t\t\t\t\t\t<div class=\"elementor-element elementor-element-8ea8eaa elementor-widget elementor-widget-text-editor\" data-id=\"8ea8eaa\" data-element_type=\"widget\" data-widget_type=\"text-editor.default\">\n\t\t\t\t<div class=\"elementor-widget-container\">\n\t\t\t<style>\/*! elementor - v3.23.0 - 26-06-2024 *\/\n.elementor-widget-text-editor.elementor-drop-cap-view-stacked .elementor-drop-cap{background-color:#69727d;color:#fff}.elementor-widget-text-editor.elementor-drop-cap-view-framed .elementor-drop-cap{color:#69727d;border:3px solid;background-color:transparent}.elementor-widget-text-editor:not(.elementor-drop-cap-view-default) .elementor-drop-cap{margin-top:8px}.elementor-widget-text-editor:not(.elementor-drop-cap-view-default) .elementor-drop-cap-letter{width:1em;height:1em}.elementor-widget-text-editor .elementor-drop-cap{float:left;text-align:center;line-height:1;font-size:50px}.elementor-widget-text-editor .elementor-drop-cap-letter{display:inline-block}<\/style>\t\t\t\t<h3 style=\"margin-bottom: 21px;\">Principali obiettivi formativi e contenuti del corso<\/h3>\n<p>Il percorso formativo si pone l\u2019obiettivo di far acquisire o potenziare le competenze di tipo relazionale e pratico che consentono di utilizzare efficacemente e pi\u00f9 consapevolmente i nuovi dispositivi digitali, conoscendo quindi i segreti degli strumenti che utilizziamo ogni giorno (social, piattaforme, web) e le possibilit\u00e0 che aprono anche in termini lavorativi.<\/p>\n<p>\u00a0<\/p>\n<p>Verranno trattate le seguenti skills:<\/p>\n\t\t\t\t\t\t<\/div>\n\t\t\t\t<\/div>\n\t\t\t\t\t<\/div>\n\t\t<\/div>\n\t\t\t\t\t<\/div>\n\t\t<\/section>\n\t\t\t\t<section class=\"elementor-section elementor-top-section elementor-element elementor-element-8ea9aba elementor-section-boxed elementor-section-height-default elementor-section-height-default\" data-id=\"8ea9aba\" data-element_type=\"section\" data-settings=\"{&quot;background_background&quot;:&quot;classic&quot;}\">\n\t\t\t\t\t\t<div class=\"elementor-container elementor-column-gap-default\">\n\t\t\t\t\t<div class=\"elementor-column elementor-col-50 elementor-top-column elementor-element elementor-element-8ea9ed7\" data-id=\"8ea9ed7\" data-element_type=\"column\">\n\t\t\t<div class=\"elementor-widget-wrap elementor-element-populated\">\n\t\t\t\t\t\t<div class=\"elementor-element elementor-element-8eaa311 elementor-widget elementor-widget-text-editor\" data-id=\"8eaa311\" data-element_type=\"widget\" data-widget_type=\"text-editor.default\">\n\t\t\t\t<div class=\"elementor-widget-container\">\n\t\t\t\t\t\t\t<ul>\n<li>Dati personali e privacy<\/li>\n<li>Social network, web reputation fake news e netiquette<\/li>\n<li>Empatia digitale, cyberbullismo, web revenge e fact checking<\/li>\n<\/ul>\n\t\t\t\t\t\t<\/div>\n\t\t\t\t<\/div>\n\t\t\t\t\t<\/div>\n\t\t<\/div>\n\t\t\t\t<div class=\"elementor-column elementor-col-50 elementor-top-column elementor-element elementor-element-8eaa55c\" data-id=\"8eaa55c\" data-element_type=\"column\">\n\t\t\t<div class=\"elementor-widget-wrap elementor-element-populated\">\n\t\t\t\t\t\t<div class=\"elementor-element elementor-element-8eaa90c elementor-widget elementor-widget-text-editor\" data-id=\"8eaa90c\" data-element_type=\"widget\" data-widget_type=\"text-editor.default\">\n\t\t\t\t<div class=\"elementor-widget-container\">\n\t\t\t\t\t\t\t<ul>\n<li>Sfruttare il web per il lavoro &#8211; siti, strumenti utili, canali da seguire o app che superano i classici siti di ricerca lavoro (Linkedin), differenza tra autopromozione e candidatura<\/li>\n<li>Digital skills e digital workers \u2013 la digital transformation, come creare un CV senza esperienze lavorative, come indicare disponibilit\u00e0 ed eventuali limiti, come valorizzare le competenze, quali sono le skills digitali e come inserirle nel CV<\/li>\n<\/ul>\n\t\t\t\t\t\t<\/div>\n\t\t\t\t<\/div>\n\t\t\t\t\t<\/div>\n\t\t<\/div>\n\t\t\t\t\t<\/div>\n\t\t<\/section>\n\t\t\t\t<section class=\"elementor-section elementor-top-section elementor-element elementor-element-8eaab78 elementor-section-boxed elementor-section-height-default elementor-section-height-default\" data-id=\"8eaab78\" data-element_type=\"section\" data-settings=\"{&quot;background_background&quot;:&quot;classic&quot;}\">\n\t\t\t\t\t\t<div class=\"elementor-container elementor-column-gap-default\">\n\t\t\t\t\t<div class=\"elementor-column elementor-col-100 elementor-top-column elementor-element elementor-element-8eaafd9\" data-id=\"8eaafd9\" data-element_type=\"column\">\n\t\t\t<div class=\"elementor-widget-wrap elementor-element-populated\">\n\t\t\t\t\t\t<div class=\"elementor-element elementor-element-8eab335 elementor-widget elementor-widget-vc_custom_heading\" data-id=\"8eab335\" data-element_type=\"widget\" data-widget_type=\"vc_custom_heading.default\">\n\t\t\t\t<div class=\"elementor-widget-container\">\n\t\t\t<div class=\" vc_custom_heading  masterstudy_heading_font  text_align_left\" ><h4 style=\"text-align: left;font-weight:600\" class=\"masterstudy-custom-title\">Efficacia potenziale del corso in termini di innalzamento dell\u2019autonomia della persona\n<\/h4><\/div>\t\t<\/div>\n\t\t\t\t<\/div>\n\t\t\t\t\t<\/div>\n\t\t<\/div>\n\t\t\t\t\t<\/div>\n\t\t<\/section>\n\t\t\t\t<section class=\"elementor-section elementor-top-section elementor-element elementor-element-8eabde8 elementor-section-boxed elementor-section-height-default elementor-section-height-default\" data-id=\"8eabde8\" data-element_type=\"section\" data-settings=\"{&quot;background_background&quot;:&quot;classic&quot;}\">\n\t\t\t\t\t\t<div class=\"elementor-container elementor-column-gap-default\">\n\t\t\t\t\t<div class=\"elementor-column elementor-col-100 elementor-top-column elementor-element elementor-element-8eac1ea\" data-id=\"8eac1ea\" data-element_type=\"column\">\n\t\t\t<div class=\"elementor-widget-wrap elementor-element-populated\">\n\t\t\t\t\t\t<div class=\"elementor-element elementor-element-8eac553 elementor-widget elementor-widget-text-editor\" data-id=\"8eac553\" data-element_type=\"widget\" data-widget_type=\"text-editor.default\">\n\t\t\t\t<div class=\"elementor-widget-container\">\n\t\t\t\t\t\t\t<p>Alla fine del percorso formativo, i partecipanti avranno acquisito le competenze necessarie per muovere i primi passi in sicurezza nel mondo digitale.<\/p>\n<p>Il percorso vuole aiutare a prendere coscienza di quello che accade sul web e sulle conseguenze nella vita reale cos\u00ec come qualunque altra azione. Li guider\u00e0 dunque a distinguere e ad acquisire nuove modalit\u00e0 per preservare la propria privacy e per evitare rischi e minacce per la propria salute psico-fisica, favorendo cos\u00ec il benessere e l\u2019inclusione sociale. Inoltre, il riconoscimento delle digital skills come vere e proprie competenze spendibili anche a livello professionale, permette a ciascuno di migliorare le proprie modalit\u00e0 di autopromozione e candidatura ad annunci di lavoro.<\/p>\n\t\t\t\t\t\t<\/div>\n\t\t\t\t<\/div>\n\t\t\t\t<div class=\"elementor-element elementor-element-26d8940 elementor-widget elementor-widget-stm_color_separator\" data-id=\"26d8940\" data-element_type=\"widget\" data-widget_type=\"stm_color_separator.default\">\n\t\t\t\t<div class=\"elementor-widget-container\">\n\t\t\t\n<div class=\"stm_colored_separator masterstudy_elementor_color_separator_ module__4b394b1ed67cd66edc764787529c0d96\">\n\t<div class=\"triangled_colored_separator\">\n\t\t<div class=\"triangle\"><\/div>\n\t<\/div>\n<\/div>\n\t\t<\/div>\n\t\t\t\t<\/div>\n\t\t\t\t\t<\/div>\n\t\t<\/div>\n\t\t\t\t\t<\/div>\n\t\t<\/section>\n\t\t\t\t<section class=\"elementor-section elementor-top-section elementor-element elementor-element-20e8147a elementor-section-boxed elementor-section-height-default elementor-section-height-default\" data-id=\"20e8147a\" data-element_type=\"section\">\n\t\t\t\t\t\t<div class=\"elementor-container elementor-column-gap-default\">\n\t\t\t\t\t<div class=\"elementor-column elementor-col-100 elementor-top-column elementor-element elementor-element-462caeea\" data-id=\"462caeea\" data-element_type=\"column\">\n\t\t\t<div class=\"elementor-widget-wrap elementor-element-populated\">\n\t\t\t\t\t\t<div class=\"elementor-element elementor-element-5cf282d3 elementor-view-default elementor-position-top elementor-mobile-position-top elementor-widget elementor-widget-icon-box\" data-id=\"5cf282d3\" data-element_type=\"widget\" data-widget_type=\"icon-box.default\">\n\t\t\t\t<div class=\"elementor-widget-container\">\n\t\t\t<link rel=\"stylesheet\" href=\"https:\/\/catalogocmmilano.mbs.it\/wp-content\/plugins\/elementor\/assets\/css\/widget-icon-box.min.css\">\t\t<div class=\"elementor-icon-box-wrapper\">\n\n\t\t\t\t\t\t<div class=\"elementor-icon-box-icon\">\n\t\t\t\t<span  class=\"elementor-icon elementor-animation-\">\n\t\t\t\t<i aria-hidden=\"true\" class=\" fa-icon-stm_icon_certificate\"><\/i>\t\t\t\t<\/span>\n\t\t\t<\/div>\n\t\t\t\n\t\t\t\t\t\t<div class=\"elementor-icon-box-content\">\n\n\t\t\t\t\t\t\t\t\t<h3 class=\"elementor-icon-box-title\">\n\t\t\t\t\t\t<span  >\n\t\t\t\t\t\t\tAttestato di frequenza e attestato di competenza\t\t\t\t\t\t<\/span>\n\t\t\t\t\t<\/h3>\n\t\t\t\t\n\t\t\t\t\t\t\t\t\t<p class=\"elementor-icon-box-description\">\n\t\t\t\t\t\tPatentino, certificazione o attestazione acquisibili al termine del corso\t\t\t\t\t<\/p>\n\t\t\t\t\n\t\t\t<\/div>\n\t\t\t\n\t\t<\/div>\n\t\t\t\t<\/div>\n\t\t\t\t<\/div>\n\t\t\t\t<div class=\"elementor-element elementor-element-79b50e36 elementor-widget elementor-widget-stm_color_separator\" data-id=\"79b50e36\" data-element_type=\"widget\" data-widget_type=\"stm_color_separator.default\">\n\t\t\t\t<div class=\"elementor-widget-container\">\n\t\t\t\n<div class=\"stm_colored_separator masterstudy_elementor_color_separator_ module__4b394b1ed67cd66edc764787529c0d96\">\n\t<div class=\"triangled_colored_separator\">\n\t\t<div class=\"triangle\"><\/div>\n\t<\/div>\n<\/div>\n\t\t<\/div>\n\t\t\t\t<\/div>\n\t\t\t\t\t<\/div>\n\t\t<\/div>\n\t\t\t\t\t<\/div>\n\t\t<\/section>\n\t\t\t\t<section class=\"elementor-section elementor-top-section elementor-element elementor-element-2772cf89 elementor-section-boxed elementor-section-height-default elementor-section-height-default\" data-id=\"2772cf89\" data-element_type=\"section\">\n\t\t\t\t\t\t<div class=\"elementor-container elementor-column-gap-default\">\n\t\t\t\t\t<div class=\"elementor-column elementor-col-50 elementor-top-column elementor-element elementor-element-2af51eef\" data-id=\"2af51eef\" data-element_type=\"column\">\n\t\t\t<div class=\"elementor-widget-wrap elementor-element-populated\">\n\t\t\t\t\t\t<div class=\"elementor-element elementor-element-46e786e0 elementor-widget elementor-widget-stm_contact\" data-id=\"46e786e0\" data-element_type=\"widget\" data-widget_type=\"stm_contact.default\">\n\t\t\t\t<div class=\"elementor-widget-container\">\n\t\t\t\n <div class=\"stm_contact masterstudy_elementor_contact_ clearfix\">\n \t \t<div class=\"stm_contact_info\">\n \t\t<h4 class=\"name\">Via Allegranza, 16 \u2013 20144 Milano (MI)<\/h4>\n \t\t \t\t \t\t\t<div class=\"stm_contact_row\">Telefono:3490919794 -0239400911<\/div>\n \t\t \t\t \t\t\t<div class=\"stm_contact_row\">\n                 E-mail:                 <a href=\"mailto:Areaformazione@aei.coop\">Areaformazione@aei.coop<\/a>\n             <\/div>\n \t\t \t\t \t<\/div>\n <\/div>\n\t\t<\/div>\n\t\t\t\t<\/div>\n\t\t\t\t\t<\/div>\n\t\t<\/div>\n\t\t\t\t<div class=\"elementor-column elementor-col-50 elementor-top-column elementor-element elementor-element-153be42c\" data-id=\"153be42c\" data-element_type=\"column\">\n\t\t\t<div class=\"elementor-widget-wrap elementor-element-populated\">\n\t\t\t\t\t\t<div class=\"elementor-element elementor-element-73491cf0 elementor-widget elementor-widget-google_maps\" data-id=\"73491cf0\" data-element_type=\"widget\" data-widget_type=\"google_maps.default\">\n\t\t\t\t<div class=\"elementor-widget-container\">\n\t\t\t<style>\/*! elementor - v3.23.0 - 26-06-2024 *\/\n.elementor-widget-google_maps .elementor-widget-container{overflow:hidden}.elementor-widget-google_maps .elementor-custom-embed{line-height:0}.elementor-widget-google_maps iframe{height:300px}<\/style>\t\t<div class=\"elementor-custom-embed\">\n\t\t\t<iframe loading=\"lazy\"\n\t\t\t\t\tsrc=\"https:\/\/www.google.com\/maps\/embed\/v1\/place?key=AIzaSyA9mkFKESC-1gKWf37rdnPxL0DX7GqcokM&#038;q=Via%20Allegranza%2C%2016%20%E2%80%93%2020144%20Milano&#038;zoom=13\"\n\t\t\t\t\ttitle=\"Via Allegranza, 16 \u2013 20144 Milano\"\n\t\t\t\t\taria-label=\"Via Allegranza, 16 \u2013 20144 Milano\"\n\t\t\t><\/iframe>\n\t\t<\/div>\n\t\t\t\t<\/div>\n\t\t\t\t<\/div>\n\t\t\t\t\t<\/div>\n\t\t<\/div>\n\t\t\t\t\t<\/div>\n\t\t<\/section>\n\t\t\t\t<\/div>\n\t\t","protected":false},"excerpt":{"rendered":"<h2><strong>Principali obiettivi formativi e\u00a0contenuti del corso<\/strong><\/h2>\n<p>Il percorso formativo si pone l\u2019obiettivo di far acquisire o potenziare le competenze di tipo relazionale e pratico che consentono di utilizzare efficacemente e pi\u00f9 consapevolmente i nuovi dispositivi digitali, conoscendo quindi i segreti degli strumenti che utilizziamo ogni giorno (social, piattaforme, web) e le possibilit\u00e0 che aprono anche in termini lavorativi.<br \/>\nVerranno trattate le seguenti skills:<\/p>\n<ul>\n<li>Comprendere i termini: hardware, software, tecnologia dell\u2019informazione;<\/li>\n<li>Uso del computer (gestione delle cartelle e dei files);<\/li>\n<li>Microsoft Excel \u2013 cenni di base (concetti generali, operazioni principali, formattazione e scrittura, inserimento immagini e tabelle);<\/li>\n<li>Microsoft Excel \u2013 cenni di base (definizioni e concetti, operazioni e funzioni, formattazione cartella di lavoro e celle, allineamento, filtri e ordinamento);<\/li>\n<li>La posta elettronica;<\/li>\n<li>Il web \u2013 navigazione Internet, usare un motore di ricerca.<\/li>\n<\/ul>\n<h2>Efficacia potenziale del corso in termini di innalzamento dell\u2019autonomia della persona<\/h2>\n<p>Alla fine del percorso formativo, i partecipanti avranno acquisito le competenze necessarie per muovere i primi passi in sicurezza nel mondo digitale.<br \/>\nIl percorso vuole aiutare a prendere coscienza di quanto quello che accade sul web ha delle conseguenze nella vita reale quanto qualunque altra azione. Li guider\u00e0 dunque a distinguere e ad acquisire nuove modalit\u00e0 per preservare la propria privacy e per evitare rischi e minacce per la propria salute psico-fisica, favorendo cos\u00ec il benessere e l\u2019inclusione sociale. Inoltre, il riconoscimento delle digital skills come vere e proprie competenze spendibili anche a livello professionale, permette a ciascuno di migliorare le proprie modalit\u00e0 di autopromozione e candidatura ad annunci di lavoro.<\/p>\n","protected":false},"featured_media":5456,"template":"","meta":[],"product_cat":[117],"product_tag":[],"class_list":{"0":"post-5161","1":"product","2":"type-product","3":"status-publish","4":"has-post-thumbnail","6":"product_cat-formazione-base-precedente","7":"pa_destinatari-disabili-fisici","8":"pa_destinatari-disabili-psichici","9":"pa_prerequisiti-nessun-prerequisito","11":"first","12":"outofstock","13":"shipping-taxable","14":"product-type-simple"},"_links":{"self":[{"href":"https:\/\/catalogocmmilano.mbs.it\/index.php?rest_route=\/wp\/v2\/product\/5161","targetHints":{"allow":["GET"]}}],"collection":[{"href":"https:\/\/catalogocmmilano.mbs.it\/index.php?rest_route=\/wp\/v2\/product"}],"about":[{"href":"https:\/\/catalogocmmilano.mbs.it\/index.php?rest_route=\/wp\/v2\/types\/product"}],"version-history":[{"count":20,"href":"https:\/\/catalogocmmilano.mbs.it\/index.php?rest_route=\/wp\/v2\/product\/5161\/revisions"}],"predecessor-version":[{"id":6228,"href":"https:\/\/catalogocmmilano.mbs.it\/index.php?rest_route=\/wp\/v2\/product\/5161\/revisions\/6228"}],"wp:featuredmedia":[{"embeddable":true,"href":"https:\/\/catalogocmmilano.mbs.it\/index.php?rest_route=\/wp\/v2\/media\/5456"}],"wp:attachment":[{"href":"https:\/\/catalogocmmilano.mbs.it\/index.php?rest_route=%2Fwp%2Fv2%2Fmedia&parent=5161"}],"wp:term":[{"taxonomy":"product_cat","embeddable":true,"href":"https:\/\/catalogocmmilano.mbs.it\/index.php?rest_route=%2Fwp%2Fv2%2Fproduct_cat&post=5161"},{"taxonomy":"product_tag","embeddable":true,"href":"https:\/\/catalogocmmilano.mbs.it\/index.php?rest_route=%2Fwp%2Fv2%2Fproduct_tag&post=5161"}],"curies":[{"name":"wp","href":"https:\/\/api.w.org\/{rel}","templated":true}]}}